{"id":4715,"date":"2021-03-26T19:27:15","date_gmt":"2021-03-26T18:27:15","guid":{"rendered":"https:\/\/www.friskfysio.nl\/?page_id=4715"},"modified":"2024-10-31T11:13:41","modified_gmt":"2024-10-31T10:13:41","slug":"bauerfeind","status":"publish","type":"page","link":"https:\/\/www.friskfysio.nl\/en\/bauerfeind\/","title":{"rendered":"BAUERFEIND"},"content":{"rendered":"<div class=\"wpb-content-wrapper\"><div class=\"vc_row wpb_row vc_row-fluid\"><div class=\"wpb_column vc_column_container vc_col-sm-12\"><div class=\"vc_column-inner\"><div class=\"wpb_wrapper\"><div class=\"vc_empty_space\"   style=\"height: 32px\"><span class=\"vc_empty_space_inner\"><\/span><\/div><div class=\"vc_row wpb_row vc_inner vc_row-fluid\"><div class=\"wpb_column vc_column_container vc_col-sm-8\"><div class=\"vc_column-inner\"><div class=\"wpb_wrapper\"><div class=\"vc_empty_space\"   style=\"height: 15px\"><span class=\"vc_empty_space_inner\"><\/span><\/div><div class=\"vc_empty_space\"   style=\"height: 15px\"><span class=\"vc_empty_space_inner\"><\/span><\/div><h2 style=\"font-size: 24px;color: #33cccc;line-height: 1.4;text-align: left;font-family:Open Sans;font-weight:600;font-style:normal\" class=\"vc_custom_heading vc_do_custom_heading\" >BAUERFEIND: PUSH YOUR PERFORMANCE!<\/h2><div class=\"vc_empty_space\"   style=\"height: 15px\"><span class=\"vc_empty_space_inner\"><\/span><\/div>\n\t<div class=\"wpb_text_column wpb_content_element \" >\n\t\t<div class=\"wpb_wrapper\">\n\t\t\t<p><strong>Bauerfeind en FRISKFYSIO: de perfecte combinatie!<\/strong><\/p>\n\n\t\t<\/div>\n\t<\/div>\n<\/div><\/div><\/div><div class=\"wpb_column vc_column_container vc_col-sm-4\"><div class=\"vc_column-inner\"><div class=\"wpb_wrapper\">\n\t<div  class=\"wpb_single_image wpb_content_element vc_align_center\">\n\t\t\n\t\t<figure class=\"wpb_wrapper vc_figure\">\n\t\t\t<div class=\"vc_single_image-wrapper vc_box_border_circle  vc_box_border_grey\"><img decoding=\"async\" class=\"vc_single_image-img \" src=\"https:\/\/www.friskfysio.nl\/wp-content\/uploads\/2024\/05\/logo-bauerfeind-200x200.png\" width=\"200\" height=\"200\" alt=\"Bauerfeind medische braces en ondersteuningsmiddelen voor herstel en comfort, geschikt voor sport, revalidatie en dagelijks gebruik.\" title=\"logo bauerfeind\"  data-dt-location=\"https:\/\/www.friskfysio.nl\/en\/bauerfeind\/logo-bauerfeind-2\/\" \/><\/div>\n\t\t<\/figure>\n\t<\/div>\n<\/div><\/div><\/div><\/div><div class=\"vc_row wpb_row vc_inner vc_row-fluid\"><div class=\"wpb_column vc_column_container vc_col-sm-12\"><div class=\"vc_column-inner\"><div class=\"wpb_wrapper\">\n\t<div class=\"wpb_text_column wpb_content_element \" >\n\t\t<div class=\"wpb_wrapper\">\n\t\t\t<div class=\"yCmsContentSlot span-24 section2\">\n<article class=\"bf-grid-component container\">\n<header class=\"bf-component-header bf-component-header-center text-center\">\n<h2 class=\"component-headline\">Over Bauerfeind en de &#8220;Made in Germany&#8221; kwaliteit\u00a0 \u00a0 \u00a0 \u00a0 \u00a0 \u00a0 \u00a0 <img decoding=\"async\" class=\"js-responsive-image\" style=\"font-size: 14px; font-weight: normal;\" title=\"Bauerfeind Made in Germany since 1929\" src=\"https:\/\/www.bauerfeind-sports.com\/medias2\/images\/h14\/h7e\/h00\/9044575617054.png\" alt=\"Bauerfeind Made in Germany since 1929\" width=\"88\" height=\"32\" \/><\/h2>\n<\/header>\n<div class=\"bf-grid-component-content row\">\n<div class=\"bf-grid-element col-xs-12 col-sm-12 col-md-6 col-lg-6\">\n<div class=\"content text-left\">\n<p>Het in 1929 te Zeulenroda (Th\u00fcringen, Duitsland) opgerichte familiebedrijf behoort tot de marktleiders in de branche. Bauerfeind stelt wereldwijd ongeveer 2.000 mensen tewerk, en heeft dochterbedrijven in meer dan 20 landen. De producten zijn uitsluitend &#8220;Made in Germany&#8221;, worden gedeeltelijk met de hand vervaardigd, en dan wereldwijd verstuurd. Ze voldoen aan de hoogste eisen op vlak van kwaliteit, effectiviteit en draagcomfort, en ondergaan regelmatig strenge tests. Louter producten die de tests met succes hebben doorstaan, mogen het desbetreffende keurmerk dragen.<\/p>\n<p>&nbsp;<\/p>\n<\/div>\n<\/div>\n<\/div>\n<\/article>\n<\/div>\n<div class=\"yCmsContentSlot span-24 section5\">\n<article class=\"bf-grid-component container\">\n<header class=\"bf-component-header bf-component-header-center text-center\">\n<h2 class=\"component-headline\">Wereldwijde partner in de sportwereld<\/h2>\n<\/header>\n<div class=\"bf-grid-component-content row\">\n<div class=\"bf-grid-element col-xs-12 col-sm-12 col-md-12 col-lg-12\">\n<div class=\"content text-center\">\n<p>Competentie, streven naar succes en teamgeest zijn waarden waar Bauerfeind volledig achter staat. Overal ter wereld vertrouwen topsporters op de kwaliteit van de onderscheiden producten. Bauerfeind is ook niet meer weg te denken bij de Olympische Spelen. Sinds 2002 draagt het bedrijf bij aan de medische verzorg<\/p>\n<p>ing. Eerst waren de orthopedisch-technische diensten van Bauerfeind uitsluitend bestemd voor Duitse atleten, maar sinds 2010 is het bedrijf als partner van het betreffende organisatiecomit\u00e9 steeds verantwoordelijk voor de verzorging van \u00e1lle deelnemende landen. Nog niet zolang geleden verzorgde Bauerfeind met succes de atleten van de Olympische Spelen 2016 in Rio de Janeiro.<\/p>\n<p>&nbsp;<\/p>\n<\/div>\n<\/div>\n<\/div>\n<\/article>\n<article class=\"bf-grid-component container\">\n<header class=\"bf-component-header bf-component-header-center text-center\">\n<h2 class=\"component-headline\">Merk ambassadeur Dirk Nowitzki<\/h2>\n<\/header>\n<div class=\"bf-grid-component-content row\">\n<div class=\"bf-grid-element col-xs-12 col-sm-12 col-md-6 col-lg-6\">\n<div class=\"content text-left\">\n<p>Het partnerschap met Dirk Nowitzki begon in januari 2016. Hij is de eerste wereldwijde merk ambassadeur van Bauerfeind AG. De basketbalsuperstar en het bedrijf Bauerfeind verbinden het familiaire, het autochtone en het enthousiasme voor sport. Nog v\u00f3\u00f3r het offici\u00eble partnerschap genoten de Bauerfeind-producten de<\/p>\n<p>vollewaardering van Dirk Nowitzki. Deze zegt het volgende:&#8221;Ik moet op mijn lichaam kunnen vertrouwen. Bauerfeind ondersteunt mij daarbij. De producten zijn van topklasse.&#8221;<\/p>\n<p>&nbsp;<\/p>\n<\/div>\n<\/div>\n<\/div>\n<\/article>\n<\/div>\n<div class=\"yCmsContentSlot span-24 section6\">\n<article class=\"bf-grid-component container\">\n<header class=\"bf-component-header bf-component-header-center text-center\">\n<h2 class=\"component-headline\">Uit passie voor sport: De sportlijn van Bauerfeind<\/h2>\n<\/header>\n<div class=\"bf-grid-component-content row\">\n<div class=\"bf-grid-element col-xs-12 col-sm-12 col-md-12 col-lg-12\">\n<div class=\"content text-center\">\n<p>15 jaar ervaring in de verzorging van topsporters en meer dan 85 jaar medische know-how hebben zeker hun aandeel gehad in de ontwikkeling van de nieuwe sportlijn van Bauerfein<\/p>\n<p>d. In maart 2016 hebben we ons assortiment uitgebreid met een nieuwe sportcollectie met <a href=\"https:\/\/www.bauerfeind-sports.com\/nl\/Productlijnen\/c\/product-lines\" target=\"_blank\" rel=\"noopener\">bandages<\/a>, compressietextiel en\u00a0<a href=\"https:\/\/www.bauerfeind-sports.com\/nl\/Productlijnen\/Inlegzolen\/c\/insoles\" target=\"_blank\" rel=\"noopener\">inlegzolen<\/a>\u00a0voor sportschoenen. De<\/p>\n<p>nieuwe producten zijn ontworpen voor vrijetijds- en professionele sporters die zich veilig en goed willen voelen tijdens het bewegen, en hun prestaties willen optimaliseren. De <a href=\"https:\/\/www.bauerfeind-sports.com\/nl\/Productlijnen\/c\/product-lines\" target=\"_blank\" rel=\"noopener\">producten<\/a>\u00a0voorkomen een te snel vermoeid gevoel, en kunnen sportspecifieke blessures verhinderen. Ook na het sporten kunnen de producten helpen, door het herstel te stimuleren en de regeneratiefase in te korten.<\/p>\n<\/div>\n<\/div>\n<\/div>\n<\/article>\n<\/div>\n\n\t\t<\/div>\n\t<\/div>\n<\/div><\/div><\/div><\/div><\/div><\/div><\/div><\/div><div class=\"vc_row wpb_row vc_row-fluid\"><div class=\"wpb_column vc_column_container vc_col-sm-12\"><div class=\"vc_column-inner\"><div class=\"wpb_wrapper\"><div class=\"vc_separator wpb_content_element vc_separator_align_center vc_sep_width_100 vc_sep_dotted vc_sep_border_width_2 vc_sep_pos_align_center vc_separator_no_text vc_sep_color_grey wpb_content_element  wpb_content_element\" ><span class=\"vc_sep_holder vc_sep_holder_l\"><span class=\"vc_sep_line\"><\/span><\/span><span class=\"vc_sep_holder vc_sep_holder_r\"><span class=\"vc_sep_line\"><\/span><\/span>\n<\/div><div class=\"vc_row wpb_row vc_inner vc_row-fluid\"><div class=\"wpb_column vc_column_container vc_col-sm-4\"><div class=\"vc_column-inner\"><div class=\"wpb_wrapper\"><div class=\"vc_empty_space\"   style=\"height: 15px\"><span class=\"vc_empty_space_inner\"><\/span><\/div><div class=\"vc_empty_space\"   style=\"height: 15px\"><span class=\"vc_empty_space_inner\"><\/span><\/div><div class=\"vc_empty_space\"   style=\"height: 15px\"><span class=\"vc_empty_space_inner\"><\/span><\/div>\n\t<div  class=\"wpb_single_image wpb_content_element vc_align_center\">\n\t\t\n\t\t<figure class=\"wpb_wrapper vc_figure\">\n\t\t\t<div class=\"vc_single_image-wrapper vc_box_border_circle  vc_box_border_grey\"><img decoding=\"async\" class=\"vc_single_image-img \" src=\"https:\/\/www.friskfysio.nl\/wp-content\/uploads\/2024\/05\/bauerfeind-sport-500x500.jpg\" width=\"500\" height=\"500\" alt=\"Het spannen van de spieren tijdens hardlopen op een natuurlijke buitentrail, met een focus op de kniebrace die ondersteuning biedt voor blessurepreventie en herstel.\" title=\"bauerfeind sport\"  data-dt-location=\"https:\/\/www.friskfysio.nl\/en\/bauerfeind\/bauerfeind-sport\/\" \/><\/div>\n\t\t<\/figure>\n\t<\/div>\n<\/div><\/div><\/div><div class=\"wpb_column vc_column_container vc_col-sm-8\"><div class=\"vc_column-inner\"><div class=\"wpb_wrapper\"><div class=\"vc_empty_space\"   style=\"height: 15px\"><span class=\"vc_empty_space_inner\"><\/span><\/div><h2 style=\"font-size: 24px;color: #33cccc;line-height: 1.4;text-align: left;font-family:Open Sans;font-weight:600;font-style:normal\" class=\"vc_custom_heading vc_do_custom_heading\" >Bauerfeind Sports<\/h2>\n\t<div class=\"wpb_text_column wpb_content_element \" >\n\t\t<div class=\"wpb_wrapper\">\n\t\t\t<div>\n<header class=\"bf-component-header bf-component-header-center text-center\">\n<h2 class=\"component-headline\">Belangrijkste technologie\u00ebn voor onze 3 productlijnen<\/h2>\n<p>&nbsp;<\/p>\n<\/header>\n<div class=\"bf-grid-component-content row\">\n<div class=\"bf-grid-element col-xs-6 col-sm-6 col-md-4 col-lg-4\">\n<div class=\"row bf-image-link-next-to-text-component text-left\">\n<div class=\"col-xs-12 col-sm-4\"><img decoding=\"async\" class=\"img-responsive js-responsive-image alignright\" src=\"https:\/\/www.bauerfeind-sports.com\/medias2\/images\/h94\/h81\/h00\/9035454414878.png\" alt=\"3D AIRKNIT\u00ae Technology Icon\" width=\"114\" height=\"114\" title=\"\"><\/div>\n<div class=\" col-xs-12 padding-text-xs col-sm-8 col-md-7 col-md-offset-1\">\n<div class=\"bf-component-content\">\n<h4 class=\"component-headline \" style=\"text-align: left;\">3D Airknit Technology<\/h4>\n<p class=\"bf-component-description \" style=\"text-align: left;\">Ultralicht compressieweefsel dat zich perfect aanpast aan jouw lichaamsvormen, zweetafvoer stimuleert en oververhitting voorkomt.<\/p>\n<p>&nbsp;<\/p>\n<\/div>\n<\/div>\n<\/div>\n<\/div>\n<div class=\"bf-grid-element col-xs-6 col-sm-6 col-md-4 col-lg-4\">\n<div class=\"row bf-image-link-next-to-text-component text-left\">\n<div class=\" col-xs-12 padding-text-xs col-sm-8 col-md-7 col-md-offset-1\">\n<div class=\"bf-component-content\">\n<h4><\/h4>\n<h4 class=\"component-headline \">Medical Compression Technology<\/h4>\n<p><img decoding=\"async\" class=\"img-responsive js-responsive-image alignright\" src=\"https:\/\/www.bauerfeind-sports.com\/medias2\/images\/ha5\/he2\/h00\/8940582699038.png\" alt=\"_bf_sport_technology_medical-compression_ro.png\" width=\"114\" height=\"114\" title=\"\"><\/p>\n<p class=\"bf-component-description \">Een hoogelastisch en extra dun weefsel van microvezel, gemaakt volgens medische standaarden, zorgt voor een afdoende compressie ter verbetering van de bloedsomloop en<\/p>\n<p class=\"bf-component-description \">zuurfstoftransport waardoor spierpijn en -krampen verhinderd kunnen worden.<\/p>\n<\/div>\n<\/div>\n<\/div>\n<\/div>\n<div class=\"bf-grid-element col-xs-6 col-sm-6 col-md-4 col-lg-4\">\n<div class=\"row bf-image-link-next-to-text-component text-left\">\n<div class=\" col-xs-12 padding-text-xs col-sm-8 col-md-7 col-md-offset-1\">\n<div class=\"bf-component-content\">\n<h4><\/h4>\n<p><img decoding=\"async\" class=\"img-responsive js-responsive-image alignright\" src=\"https:\/\/www.bauerfeind-sports.com\/medias2\/images\/hfa\/h4e\/h00\/8940706234398.png\" alt=\"_bf_sport_technology_weightflex_ro.png\" width=\"114\" height=\"114\" title=\"\"><\/p>\n<h4><\/h4>\n<h4 class=\"component-headline \">Weightflex Technology<\/h4>\n<p class=\"bf-component-description \">De unieke, gepatenteerde dual-componenten kern met de innovatieve X-module ondersteunt de voetholte en helpt de hiel-teen overgang.<\/p>\n<\/div>\n<\/div>\n<\/div>\n<\/div>\n<\/div>\n<\/div>\n<div><\/div>\n<div><\/div>\n<div><\/div>\n<div><\/div>\n<div><\/div>\n<div><\/div>\n\n\t\t<\/div>\n\t<\/div>\n<div class=\"vc_empty_space\"   style=\"height: 15px\"><span class=\"vc_empty_space_inner\"><\/span><\/div>\n\t<div class=\"wpb_text_column wpb_content_element \" >\n\t\t<div class=\"wpb_wrapper\">\n\t\t\t<p>Wil jij meer weten over Bauerfeind?<\/p>\n<div><\/div>\n<div><\/div>\n\n\t\t<\/div>\n\t<\/div>\n<div class=\" ubtn-ctn-left \"><a class=\"ubtn-link ult-adjust-bottom-margin ubtn-left ubtn-custom \" href=\"https:\/\/www.friskfysio.nl\/product-categorie\/braces-bandages\/\" target=\"_blank\" rel=\"noopener\"><button type=\"button\" id=\"ubtn-6811\"  class=\"ubtn ult-adjust-bottom-margin ult-responsive ubtn-custom ubtn-no-hover-bg  ulta-grow  ubtn-left   tooltip-69f1eca392646\"  data-hover=\"#33cccc\" data-border-color=\"#ffffff\" data-bg=\"#33cccc\" data-hover-bg=\"#ffffff\" data-border-hover=\"\" data-shadow-hover=\"\" data-shadow-click=\"none\" data-shadow=\"\" data-shd-shadow=\"\"  data-ultimate-target='#ubtn-6811'  data-responsive-json-new='{\"font-size\":\"desktop:15px;\",\"line-height\":\"\"}'  style=\"font-weight:normal;width:200px;min-height:50px;padding:px px;border-radius:5px;border-width:2px;border-color:#ffffff;border-style:solid;background: #33cccc;color: #ffffff;\"><span class=\"ubtn-hover\" style=\"background-color:#ffffff\"><\/span><span class=\"ubtn-data ubtn-text \" >Bekijk de producten<\/span><\/button><\/a><\/div><\/div><\/div><\/div><\/div><div class=\"vc_empty_space\"   style=\"height: 32px\"><span class=\"vc_empty_space_inner\"><\/span><\/div><\/div><\/div><\/div><\/div><div class=\"vc_row wpb_row vc_row-fluid vc_custom_1716370273189\"><div class=\"wpb_column vc_column_container vc_col-sm-12\"><div class=\"vc_column-inner\"><div class=\"wpb_wrapper\"><div class=\"vc_empty_space\"   style=\"height: 32px\"><span class=\"vc_empty_space_inner\"><\/span><\/div><div id=\"uvc-type-wrap-1881\"  data-ultimate-target='#uvc-type-wrap-1881'  data-responsive-json-new='{\"font-size\":\"desktop:30px;\",\"line-height\":\"\"}'  class=\"uvc-type-wrap  ult-adjust-bottom-margin ult-responsive  uvc-type-align-center uvc-type-no-prefix uvc-wrap-379884525069f1eca393c38\" style=\"text-align:center;\"><span id=\"typed-379884525069f1eca393c38\" class=\"ultimate-typed-main \" style=\"color:#ffffff; font-weight:bold; text-transform: unset;\"><\/span><script type=\"text\/javascript\">\n\t\t\t\t\t\tjQuery(function($){ \n\t\t\t\t\t\t\t$(document).ready(function(){\n\t\t\t\t\t\t\t\tif( typeof jQuery(\"#typed-379884525069f1eca393c38\").typed == \"function\"){\n\t\t\t\t\t\t\t\t\t$(\"#typed-379884525069f1eca393c38\").typed({\n\t\t\t\t\t\t\t\t\t\tstrings: [\"Maak hier een afspraak voor advies op maat\"],\n\t\t\t\t\t\t\t\t\t\ttypeSpeed: 35,\n\t\t\t\t\t\t\t\t\t\tbackSpeed: 0,\n\t\t\t\t\t\t\t\t\t\tstartDelay: \"200\",\n\t\t\t\t\t\t\t\t\t\tbackDelay: \"1500\",\n\t\t\t\t\t\t\t\t\t\tloop: false,\n\t\t\t\t\t\t\t\t\t\tloopCount: false,\n\t\t\t\t\t\t\t\t\t\tshowCursor: true,\n\t\t\t\t\t\t\t\t\t\tcursorChar: \"|\",\n\t\t\t\t\t\t\t\t\t\tattr: null\n\t\t\t\t\t\t\t\t\t});\n\t\t\t\t\t\t\t\t}\n\t\t\t\t\t\t\t});\n\t\t\t\t\t\t});\n\t\t\t\t\t<\/script><\/div>\n\t<div class=\"wpb_text_column wpb_content_element \" >\n\t\t<div class=\"wpb_wrapper\">\n\t\t\t\n<div class=\"wpcf7 no-js\" id=\"wpcf7-f6-o1\" lang=\"nl-NL\" dir=\"ltr\" data-wpcf7-id=\"6\">\n<div class=\"screen-reader-response\"><p role=\"status\" aria-live=\"polite\" aria-atomic=\"true\"><\/p> <ul><\/ul><\/div>\n<form action=\"\/en\/wp-json\/wp\/v2\/pages\/4715#wpcf7-f6-o1\" method=\"post\" class=\"wpcf7-form init\" aria-label=\"Contactformulier\" novalidate=\"novalidate\" data-status=\"init\">\n<fieldset class=\"hidden-fields-container\"><input type=\"hidden\" name=\"_wpcf7\" value=\"6\" \/><input type=\"hidden\" name=\"_wpcf7_version\" value=\"6.1.5\" \/><input type=\"hidden\" name=\"_wpcf7_locale\" value=\"nl_NL\" \/><input type=\"hidden\" name=\"_wpcf7_unit_tag\" value=\"wpcf7-f6-o1\" \/><input type=\"hidden\" name=\"_wpcf7_container_post\" value=\"0\" \/><input type=\"hidden\" name=\"_wpcf7_posted_data_hash\" value=\"\" \/>\n<\/fieldset>\n<div id=\"responsive-form\" class=\"clearfix\">\n\t<div class=\"form-row\">\n\t\t<div class=\"column-half\"\n<span class=\"wpcf7-form-control-wrap\" data-name=\"your-name\"><input size=\"40\" maxlength=\"400\" class=\"wpcf7-form-control wpcf7-text wpcf7-validates-as-required\" aria-required=\"true\" aria-invalid=\"false\" placeholder=\"Voornaam*\" value=\"\" type=\"text\" name=\"your-name\" \/><\/span>\n\t\t<\/div>\n\t\t<div class=\"column-half\">\n\t\t\t<p><span class=\"wpcf7-form-control-wrap\" data-name=\"last-name\"><input size=\"40\" maxlength=\"400\" class=\"wpcf7-form-control wpcf7-text wpcf7-validates-as-required\" aria-required=\"true\" aria-invalid=\"false\" placeholder=\"Achternaam*\" value=\"\" type=\"text\" name=\"last-name\" \/><\/span>\n\t\t\t<\/p>\n\t\t<\/div>\n\t<\/div>\n\t<div class=\"form-row\">\n\t\t<div class=\"column-half\"\n<span class=\"wpcf7-form-control-wrap\" data-name=\"your-email\"><input size=\"40\" maxlength=\"400\" class=\"wpcf7-form-control wpcf7-email wpcf7-validates-as-required wpcf7-text wpcf7-validates-as-email\" aria-required=\"true\" aria-invalid=\"false\" placeholder=\"E-mail*\" value=\"\" type=\"email\" name=\"your-email\" \/><\/span>\n\t\t<\/div>\n\t\t<div class=\"column-half\">\n\t\t\t<p><span class=\"wpcf7-form-control-wrap\" data-name=\"your-phone\"><input size=\"40\" maxlength=\"400\" class=\"wpcf7-form-control wpcf7-text wpcf7-validates-as-required\" aria-required=\"true\" aria-invalid=\"false\" placeholder=\"Telefoonnummer*\" value=\"\" type=\"text\" name=\"your-phone\" \/><\/span>\n\t\t\t<\/p>\n\t\t<\/div>\n\t<\/div>\n\t<div class=\"form-row\">\n\t\t<div class=\"column-full\">\n\t\t\t<p><span class=\"wpcf7-form-control-wrap\" data-name=\"textarea-179\"><textarea cols=\"40\" rows=\"10\" maxlength=\"2000\" class=\"wpcf7-form-control wpcf7-textarea\" aria-invalid=\"false\" placeholder=\"Je bericht (optioneel)\" name=\"textarea-179\"><\/textarea><\/span>\n\t\t\t<\/p>\n\t\t<\/div>\n\t<\/div>\n\t<div class=\"form-row\">\n\t\t<div class=\"column-full\">\n\t\t<div class=\"wpcf7-turnstile cf-turnstile\" data-sitekey=\"0x4AAAAAAB20k-7F7b8cRj2T\" data-response-field-name=\"_wpcf7_turnstile_response\" data-language=\"nl\"><\/div>\n\t\t<\/div>\n\t<\/div>\n\t<div class=\"column-full\">\n\t\t<p><input class=\"wpcf7-form-control wpcf7-submit has-spinner\" type=\"submit\" value=\"VERZENDEN\" \/>\n\t\t<\/p>\n\t<\/div>\n<\/div>\n\n<!--end responsive-form--><div class=\"wpcf7-response-output\" aria-hidden=\"true\"><\/div>\n<\/form>\n<\/div>\n\n\n\t\t<\/div>\n\t<\/div>\n<\/div><\/div><\/div><\/div><!-- Row Backgrounds --><div class=\"upb_bg_img\" data-ultimate-bg=\"url(https:\/\/www.friskfysio.nl\/wp-content\/uploads\/2024\/05\/Iceberg-3840x2400-1-scaled.jpg)\" data-image-id=\"id^9050|url^https:\/\/www.friskfysio.nl\/wp-content\/uploads\/2024\/05\/Iceberg-3840x2400-1-scaled.jpg|caption^#image_title|alt^null|title^Iceberg-3840x2400|description^#image_title\" data-ultimate-bg-style=\"vcpb-default\" data-bg-img-repeat=\"repeat\" data-bg-img-size=\"cover\" data-bg-img-position=\"\" data-parallx_sense=\"30\" data-bg-override=\"full\" data-bg_img_attach=\"scroll\" data-upb-overlay-color=\"\" data-upb-bg-animation=\"\" data-fadeout=\"\" data-bg-animation=\"left-animation\" data-bg-animation-type=\"h\" data-animation-repeat=\"repeat\" data-fadeout-percentage=\"30\" data-parallax-content=\"\" data-parallax-content-sense=\"30\" data-row-effect-mobile-disable=\"true\" data-img-parallax-mobile-disable=\"true\" data-rtl=\"false\"  data-custom-vc-row=\"\"  data-vc=\"8.7.2\"  data-is_old_vc=\"\"  data-theme-support=\"\"   data-overlay=\"false\" data-overlay-color=\"\" data-overlay-pattern=\"\" data-overlay-pattern-opacity=\"\" data-overlay-pattern-size=\"\"    ><\/div>\n<\/div>","protected":false},"excerpt":{"rendered":"<p>BAUERFEIND: PUSH YOUR PERFORMANCE! Bauerfeind and FRISKFYSIO: the perfect combination! About Bauerfeind and \"Made in Germany\" quality Founded in 1929 in Zeulenroda (Thuringia, Germany), the family-run company is one of the market leaders in the industry. Bauerfeind employs around 2,000 people worldwide, and has subsidiaries in more than 20 countries....<\/p>","protected":false},"author":1,"featured_media":0,"parent":0,"menu_order":0,"comment_status":"closed","ping_status":"closed","template":"","meta":{"footnotes":""},"class_list":["post-4715","page","type-page","status-publish","hentry","description-off"],"_links":{"self":[{"href":"https:\/\/www.friskfysio.nl\/en\/wp-json\/wp\/v2\/pages\/4715","targetHints":{"allow":["GET"]}}],"collection":[{"href":"https:\/\/www.friskfysio.nl\/en\/wp-json\/wp\/v2\/pages"}],"about":[{"href":"https:\/\/www.friskfysio.nl\/en\/wp-json\/wp\/v2\/types\/page"}],"author":[{"embeddable":true,"href":"https:\/\/www.friskfysio.nl\/en\/wp-json\/wp\/v2\/users\/1"}],"replies":[{"embeddable":true,"href":"https:\/\/www.friskfysio.nl\/en\/wp-json\/wp\/v2\/comments?post=4715"}],"version-history":[{"count":0,"href":"https:\/\/www.friskfysio.nl\/en\/wp-json\/wp\/v2\/pages\/4715\/revisions"}],"wp:attachment":[{"href":"https:\/\/www.friskfysio.nl\/en\/wp-json\/wp\/v2\/media?parent=4715"}],"curies":[{"name":"wp","href":"https:\/\/api.w.org\/{rel}","templated":true}]}}