{"id":3672,"date":"2020-02-06T09:50:54","date_gmt":"2020-02-06T08:50:54","guid":{"rendered":"https:\/\/www.friskfysio.nl\/?page_id=3672"},"modified":"2024-10-26T07:19:25","modified_gmt":"2024-10-26T05:19:25","slug":"dietistenpraktijk-myrthe-rebattu","status":"publish","type":"page","link":"https:\/\/www.friskfysio.nl\/en\/dietistenpraktijk-myrthe-rebattu\/","title":{"rendered":"SERIES"},"content":{"rendered":"<div class=\"wpb-content-wrapper\"><div class=\"vc_row wpb_row vc_row-fluid\"><div class=\"wpb_column vc_column_container vc_col-sm-12\"><div class=\"vc_column-inner\"><div class=\"wpb_wrapper\"><div class=\"vc_row wpb_row vc_inner vc_row-fluid\"><div class=\"wpb_column vc_column_container vc_col-sm-8\"><div class=\"vc_column-inner\"><div class=\"wpb_wrapper\"><h2 style=\"font-size: 24px;color: #33cccc;line-height: 1.4;text-align: left;font-family:Open Sans;font-weight:600;font-style:normal\" class=\"vc_custom_heading vc_do_custom_heading\" >DI\u00cbTISTENPRAKTIJK MYRTHE REBATTU: ALTIJD ADVIES OP MAAT!<\/h2><div class=\"vc_empty_space\"   style=\"height: 15px\"><span class=\"vc_empty_space_inner\"><\/span><\/div>\n\t<div class=\"wpb_text_column wpb_content_element \" >\n\t\t<div class=\"wpb_wrapper\">\n\t\t\t<p>Myrthe Rebattu en FRISKFYSIO Amstelveen: de perfecte combinatie!<\/p>\n<p>Als sportdi\u00ebtist kan ik u helpen met al uw vragen en doelen omtrent voeding en gezondheid. Daarnaast ben ik een gecertificeerd sportdi\u00ebtist. Als sportdi\u00ebtist kan ik u helpen met onder andere het behalen van betere sportprestaties, een verbeterde lichaamssamenstelling, en het stellen van nieuwe sportieve doelen.<\/p>\n<p>Na 12 jaar werkzaam te zijn als di\u00ebtist ben ik erachter gekomen dat voedingsadvies de basis is, maar de coaching essentieel is voor het behalen van gestelde doelen. Daarnaast is goede coaching onmisbaar voor het behouden van de behaalde resultaten.<\/p>\n<p>Het is dan ook mijn missie om iedereen op een persoonlijke en motiverende manier te begeleiden die bij hem of haar past. Gemotiveerd blijven en niet opgeven is namelijk de sleutel tot succes!<\/p>\n\n\t\t<\/div>\n\t<\/div>\n<\/div><\/div><\/div><div class=\"wpb_column vc_column_container vc_col-sm-4\"><div class=\"vc_column-inner\"><div class=\"wpb_wrapper\">\n\t<div  class=\"wpb_single_image wpb_content_element vc_align_center\">\n\t\t\n\t\t<figure class=\"wpb_wrapper vc_figure\">\n\t\t\t<div class=\"vc_single_image-wrapper vc_box_border_circle  vc_box_border_grey\"><img decoding=\"async\" class=\"vc_single_image-img \" src=\"https:\/\/www.friskfysio.nl\/wp-content\/uploads\/2024\/05\/Profielfoto-Myrthe-website-23-304x304.webp\" width=\"304\" height=\"304\" alt=\"Gezondieve vrouw met glimlach, fysiotherapie en revalidatie bij FriskFysio Rotterdam.\" title=\"Profielfoto Myrthe website 23\"  data-dt-location=\"https:\/\/www.friskfysio.nl\/en\/dietistenpraktijk-myrthe-rebattu\/profielfoto-myrthe-website-23\/\" \/><\/div>\n\t\t<\/figure>\n\t<\/div>\n<\/div><\/div><\/div><\/div><div class=\"vc_row wpb_row vc_inner vc_row-fluid\"><div class=\"wpb_column vc_column_container vc_col-sm-12\"><div class=\"vc_column-inner\"><div class=\"wpb_wrapper\">\n\t<div class=\"wpb_text_column wpb_content_element \" >\n\t\t<div class=\"wpb_wrapper\">\n\t\t\t<div>\n<div id=\"comp-iz2rbky1\" class=\"txtNew\" data-packed=\"true\" data-vertical-text=\"false\">\n<p>Bent u op zoek naar een gecertificeerd sportdi\u00ebtist? Dan bent u bij Myrthe in Amstelveen &amp; Amsterdam aan het juiste adres! Ontdek de optimale balans tussen een verbeterde lichaamssamenstelling, het behalen van nieuwe sportieve doelen en betere sportprestaties.<\/p>\n<p>Bij Di\u00ebtistenpraktijk Myrthe Rebattu, met de ondersteuning van FRISKFYSIO Amstelveen, is voedingsadvies de basis, maar coaching is essentieel in het behalen van de doelen. Naast coaching op het behalen van de gestelde doelen is goede coaching tevens ook onmisbaar voor het behouden van de al behaalde resultaten. Mijn missie is dan ook om iedereen met een persoonlijke en motiverende manier te begeleiden. Gemotiveerd blijven en niet opgeven is namelijk een sleutel tot succes!<\/p>\n<p><strong>Wie ben ik?<\/strong><\/p>\n<p>Mijn naam is Myrthe Rooijendijk-Rebattu. In 2008 heb ik de HBO Voeding &amp; Di\u00ebtetiek aan de Hogeschool van Amsterdam afgerond. Sindsdien ben ik werkzaam als sportdi\u00ebtist in verschillende organisaties en bedrijven, ondersteund door FRISKFYSIO Amstelveen. Met mijn 12 jaar ervaring heb ik de kennis en vaardigheden om maatwerk te leveren in voedingsadvies en coaching.<\/p>\n<p>In mei 2017 ben ik afgestudeerd als Sportdi\u00ebtist. Als fanatieke sporter heb ik op het hoogste niveau meegedaan aan wedstrijden als point-fighter (semi-contact kickboksen), waardoor ik de winnaarsmentaliteit van (top)sporters goed begrijp en weet wat nodig is om optimaal te presteren. Alle sporters, zowel recreanten als topsporters, profiteren enorm van geoptimaliseerde en gepersonaliseerde voeding, een aanpak die versterkt wordt door mijn samenwerking met FRISKFYSIO Amstelveen.<\/p>\n<p>Ik heb een passie voor lekker koken en eten. Ik streef ernaar om als sportdi\u00ebtist de voedingsadviezen altijd aantrekkelijk en smakelijk te houden. Of u nu komt om af te vallen, aan te komen, of omdat uw gezondheid achteruitgaat, het is mijn doel dat eten plezierig blijft.<\/p>\n<p>Uiteindelijk is mijn werk erop gericht om mensen te helpen. Als sportdi\u00ebtist kan ik u adviseren over de beste manieren om uw doelen te bereiken. Mijn aanpak is niet belerend, maar motiverend en constructief! Ik vind het belangrijk om goed naar mijn cli\u00ebnten te luisteren, omdat vaak ook andere levensfactoren een rol spelen bij hun gezondheidsdoelen. Ik fungeer als de &#8216;stok achter de deur&#8217; en bied een &#8216;luisterend oor&#8217;. Samen zullen we uitdagingen aangaan en de gewenste doelen bereiken!<\/p>\n<\/div>\n<\/div>\n\n\t\t<\/div>\n\t<\/div>\n<\/div><\/div><\/div><\/div><\/div><\/div><\/div><\/div><div class=\"vc_row wpb_row vc_row-fluid\"><div class=\"wpb_column vc_column_container vc_col-sm-12\"><div class=\"vc_column-inner\"><div class=\"wpb_wrapper\"><div class=\"vc_empty_space\"   style=\"height: 32px\"><span class=\"vc_empty_space_inner\"><\/span><\/div><div class=\"vc_separator wpb_content_element vc_separator_align_center vc_sep_width_100 vc_sep_dotted vc_sep_border_width_2 vc_sep_pos_align_center vc_separator_no_text vc_sep_color_grey wpb_content_element  wpb_content_element\" ><span class=\"vc_sep_holder vc_sep_holder_l\"><span class=\"vc_sep_line\"><\/span><\/span><span class=\"vc_sep_holder vc_sep_holder_r\"><span class=\"vc_sep_line\"><\/span><\/span>\n<\/div><div class=\"vc_empty_space\"   style=\"height: 32px\"><span class=\"vc_empty_space_inner\"><\/span><\/div><div class=\"vc_row wpb_row vc_inner vc_row-fluid\"><div class=\"wpb_column vc_column_container vc_col-sm-4\"><div class=\"vc_column-inner\"><div class=\"wpb_wrapper\"><div class=\"vc_empty_space\"   style=\"height: 15px\"><span class=\"vc_empty_space_inner\"><\/span><\/div><div class=\"vc_empty_space\"   style=\"height: 15px\"><span class=\"vc_empty_space_inner\"><\/span><\/div><div class=\"vc_empty_space\"   style=\"height: 15px\"><span class=\"vc_empty_space_inner\"><\/span><\/div>\n\t<div  class=\"wpb_single_image wpb_content_element vc_align_center\">\n\t\t\n\t\t<figure class=\"wpb_wrapper vc_figure\">\n\t\t\t<div class=\"vc_single_image-wrapper vc_box_border_circle  vc_box_border_grey\"><img decoding=\"async\" class=\"vc_single_image-img \" src=\"https:\/\/www.friskfysio.nl\/wp-content\/uploads\/2024\/05\/Profielfoto-Myrthe-website-2-332x332.webp\" width=\"332\" height=\"332\" alt=\"Een vrouwelijke fysiotherapie die klaar staat voor pati\u00ebntbehandeling.\" title=\"Profielfoto Myrthe website 2\"  data-dt-location=\"https:\/\/www.friskfysio.nl\/en\/dietistenpraktijk-myrthe-rebattu\/profielfoto-myrthe-website-2\/\" \/><\/div>\n\t\t<\/figure>\n\t<\/div>\n<\/div><\/div><\/div><div class=\"wpb_column vc_column_container vc_col-sm-8\"><div class=\"vc_column-inner\"><div class=\"wpb_wrapper\"><h2 style=\"font-size: 24px;color: #33cccc;line-height: 1.4;text-align: left;font-family:Open Sans;font-weight:600;font-style:normal\" class=\"vc_custom_heading vc_do_custom_heading\" >Waarom kiezen Amstelveen en Amsterdam<br \/>\nvoor Myrthe Rebattu?<\/h2><div class=\"vc_empty_space\"   style=\"height: 15px\"><span class=\"vc_empty_space_inner\"><\/span><\/div>\n\t<div class=\"wpb_text_column wpb_content_element \" >\n\t\t<div class=\"wpb_wrapper\">\n\t\t\t<p>Met jarenlange ervaring als point-fighter herken ik de winnaarsmentaliteit van (top)sporters en begrijp ik wat nodig is om optimaal te presteren.<\/p>\n<p>Myrthe kan u onder andere helpen bij:<\/p>\n<div><\/div>\n<div><\/div>\n\n\t\t<\/div>\n\t<\/div>\n<div class=\"uavc-list-icon uavc-list-icon-wrapper ult-adjust-bottom-margin   \"><ul class=\"uavc-list\"><li><div class=\"uavc-list-content\" id=\"list-icon-wrap-3056\">\n<div class=\"uavc-list-icon  \" data-animation=\"\" data-animation-delay=\"03\" style=\"margin-right:10px;\"><div class=\"ult-just-icon-wrapper  \"><div class=\"align-icon\" style=\"text-align:center;\">\n<div class=\"aio-icon none \"  style=\"color:#33cccc;font-size:30px;display:inline-block;\">\n\t<i class=\"Defaults-check\"><\/i>\n<\/div><\/div><\/div>\n<\/div><span  data-ultimate-target='#list-icon-wrap-3056 .uavc-list-desc'  data-responsive-json-new='{\"font-size\":\"\",\"line-height\":\"\"}'  class=\"uavc-list-desc ult-responsive\" style=\"\">Sportvoeding voor optimale prestaties, herstel en lichaamssamenstelling<\/span><\/div><\/li><li><div class=\"uavc-list-content\" id=\"list-icon-wrap-7221\">\n<div class=\"uavc-list-icon  \" data-animation=\"\" data-animation-delay=\"03\" style=\"margin-right:10px;\"><div class=\"ult-just-icon-wrapper  \"><div class=\"align-icon\" style=\"text-align:center;\">\n<div class=\"aio-icon none \"  style=\"color:#33cccc;font-size:30px;display:inline-block;\">\n\t<i class=\"Defaults-check\"><\/i>\n<\/div><\/div><\/div>\n<\/div><span  data-ultimate-target='#list-icon-wrap-7221 .uavc-list-desc'  data-responsive-json-new='{\"font-size\":\"\",\"line-height\":\"\"}'  class=\"uavc-list-desc ult-responsive\" style=\"\">COPD<\/span><\/div><\/li><li><div class=\"uavc-list-content\" id=\"list-icon-wrap-9644\">\n<div class=\"uavc-list-icon  \" data-animation=\"\" data-animation-delay=\"03\" style=\"margin-right:10px;\"><div class=\"ult-just-icon-wrapper  \"><div class=\"align-icon\" style=\"text-align:center;\">\n<div class=\"aio-icon none \"  style=\"color:#33cccc;font-size:30px;display:inline-block;\">\n\t<i class=\"Defaults-check\"><\/i>\n<\/div><\/div><\/div>\n<\/div><span  data-ultimate-target='#list-icon-wrap-9644 .uavc-list-desc'  data-responsive-json-new='{\"font-size\":\"\",\"line-height\":\"\"}'  class=\"uavc-list-desc ult-responsive\" style=\"\"><\/p>\n<div>Overgewicht en\u00a0obesitas<\/div>\n<p><\/span><\/div><\/li><li><div class=\"uavc-list-content\" id=\"list-icon-wrap-2378\">\n<div class=\"uavc-list-icon  \" data-animation=\"\" data-animation-delay=\"03\" style=\"margin-right:10px;\"><div class=\"ult-just-icon-wrapper  \"><div class=\"align-icon\" style=\"text-align:center;\">\n<div class=\"aio-icon none \"  style=\"color:#33cccc;font-size:30px;display:inline-block;\">\n\t<i class=\"Defaults-check\"><\/i>\n<\/div><\/div><\/div>\n<\/div><span  data-ultimate-target='#list-icon-wrap-2378 .uavc-list-desc'  data-responsive-json-new='{\"font-size\":\"\",\"line-height\":\"\"}'  class=\"uavc-list-desc ult-responsive\" style=\"\">Hart- en vaatziekten<\/span><\/div><\/li><li><div class=\"uavc-list-content\" id=\"list-icon-wrap-4825\">\n<div class=\"uavc-list-icon  \" data-animation=\"\" data-animation-delay=\"03\" style=\"margin-right:10px;\"><div class=\"ult-just-icon-wrapper  \"><div class=\"align-icon\" style=\"text-align:center;\">\n<div class=\"aio-icon none \"  style=\"color:#33cccc;font-size:30px;display:inline-block;\">\n\t<i class=\"Defaults-check\"><\/i>\n<\/div><\/div><\/div>\n<\/div><span  data-ultimate-target='#list-icon-wrap-4825 .uavc-list-desc'  data-responsive-json-new='{\"font-size\":\"\",\"line-height\":\"\"}'  class=\"uavc-list-desc ult-responsive\" style=\"\">Suikerziekte<\/span><\/div><\/li><\/ul><\/div><\/div><\/div><\/div><\/div><div class=\"vc_empty_space\"   style=\"height: 32px\"><span class=\"vc_empty_space_inner\"><\/span><\/div><div class=\"vc_separator wpb_content_element vc_separator_align_center vc_sep_width_100 vc_sep_dotted vc_sep_border_width_2 vc_sep_pos_align_center vc_separator_no_text vc_sep_color_grey wpb_content_element  wpb_content_element\" ><span class=\"vc_sep_holder vc_sep_holder_l\"><span class=\"vc_sep_line\"><\/span><\/span><span class=\"vc_sep_holder vc_sep_holder_r\"><span class=\"vc_sep_line\"><\/span><\/span>\n<\/div><div class=\"vc_empty_space\"   style=\"height: 32px\"><span class=\"vc_empty_space_inner\"><\/span><\/div><div class=\"vc_row wpb_row vc_inner vc_row-fluid\"><div class=\"wpb_column vc_column_container vc_col-sm-8\"><div class=\"vc_column-inner\"><div class=\"wpb_wrapper\"><h2 style=\"font-size: 24px;color: #33cccc;line-height: 1.4;text-align: left;font-family:Open Sans;font-weight:600;font-style:normal\" class=\"vc_custom_heading vc_do_custom_heading\" >Ontmoet Marisa Beli\u00ebn: Gedreven Sportdi\u00ebtist en Personal Trainer<\/h2><div class=\"vc_empty_space\"   style=\"height: 15px\"><span class=\"vc_empty_space_inner\"><\/span><\/div>\n\t<div class=\"wpb_text_column wpb_content_element \" >\n\t\t<div class=\"wpb_wrapper\">\n\t\t\t<p>Mijn naam is Marisa Beli\u00ebn, en sinds juli 2021 ben ik officieel di\u00ebtist. Na het afronden van mijn HBO Voeding &amp; Di\u00ebtetiek aan de Hogeschool van Amsterdam, heb ik onmiddellijk mijn opgedane kennis in de praktijk gebracht bij FRISKFYSIO Amstelveen, waar ik ook mijn afstudeerstage succesvol heb afgerond. Sinds juli 2022 ben ik eveneens afgestudeerd als sportdi\u00ebtist, wat mij heeft toegestaan om mijn passie voor sport en voeding te combineren.<\/p>\n<p>Werken met sporters is voor mij niet alleen een baan maar een ware passie. Gezien mijn achtergrond in diverse sporten zoals turnen, atletiek, zwemmen en met name krachttraining in recente jaren, begrijp ik de cruciale rol die voeding speelt in het bereiken van sportieve prestaties. Dit is ook de reden dat ik in januari 2022 ben gestart met een opleiding in Sportdi\u00ebtetiek, om mijn vaardigheden verder te verdiepen. Mijn werk bij FRISKFYSIO Amstelveen stelt mij in staat om een holistische benadering te bieden waarbij zowel voeding als fysieke training centraal staan.<\/p>\n<p>Mijn persoonlijke ervaringen met een eetstoornis hebben mij een uniek inzicht gegeven in de strijd die veel mensen voeren met hun voeding. Het heeft mij geleerd hoe essentieel een gezonde relatie met voeding is voor zowel fysieke als mentale gezondheid. Mijn doel is dan ook om mensen niet alleen gezonder, maar ook gelukkiger te maken door hen goed in hun vel te laten zitten.<\/p>\n<p>We leven in een tijdperk waar sociale media en internet vaak een vertekend beeld van voeding en lichamelijke idealen presenteren. Ik ben er om u door de verwarring te leiden en samen realistische doelen te stellen die passen bij uw persoonlijke situatie, met de ondersteuning van het professionele team bij FRISKFYSIO Amstelveen.<\/p>\n<p>Als sportdi\u00ebtist en personal trainer ligt mijn passie in het empoweren van individuen om zich zowel fysiek als mentaal sterk en zelfverzekerd te voelen. Laat mij u helpen om een gezond en uitgebalanceerd leven te leiden met behulp van mijn expertise en persoonlijke ervaringen. Bent u klaar om samen de uitdaging aan te gaan en uw doelen te bereiken bij FRISKFYSIO Amstelveen?<\/p>\n\n\t\t<\/div>\n\t<\/div>\n\n\t<div class=\"wpb_text_column wpb_content_element \" >\n\t\t<div class=\"wpb_wrapper\">\n\t\t\t<p>Wilt u meer weten of een afspraak maken? Neem contact op met Di\u00ebtistenpraktijk Myrthe Rebattu, ondersteund door FRISKFYSIO Amstelveen, voor topkwaliteit advies en begeleiding op maat!<\/p>\n<div><\/div>\n<div><\/div>\n\n\t\t<\/div>\n\t<\/div>\n<\/div><\/div><\/div><div class=\"wpb_column vc_column_container vc_col-sm-4\"><div class=\"vc_column-inner\"><div class=\"wpb_wrapper\"><div class=\"vc_empty_space\"   style=\"height: 15px\"><span class=\"vc_empty_space_inner\"><\/span><\/div><div class=\"vc_empty_space\"   style=\"height: 15px\"><span class=\"vc_empty_space_inner\"><\/span><\/div><div class=\"vc_empty_space\"   style=\"height: 15px\"><span class=\"vc_empty_space_inner\"><\/span><\/div>\n\t<div  class=\"wpb_single_image wpb_content_element vc_align_center\">\n\t\t\n\t\t<figure class=\"wpb_wrapper vc_figure\">\n\t\t\t<div class=\"vc_single_image-wrapper vc_box_border_circle  vc_box_border_grey\"><img decoding=\"async\" class=\"vc_single_image-img \" src=\"https:\/\/www.friskfysio.nl\/wp-content\/uploads\/2024\/05\/marisa-sporten-212x212.webp\" width=\"212\" height=\"212\" alt=\"Overledene vrouw doet gewichtheffen in fitnessruimte, gezondheid en krachttraining, fysiotherapie en fitness oefeningen bij FriskFysio.\" title=\"marisa sporten\"  data-dt-location=\"https:\/\/www.friskfysio.nl\/en\/dietistenpraktijk-myrthe-rebattu\/marisa-sporten\/\" \/><\/div>\n\t\t<\/figure>\n\t<\/div>\n<\/div><\/div><\/div><\/div><div class=\" ubtn-ctn-left \"><a class=\"ubtn-link ult-adjust-bottom-margin ubtn-left ubtn-custom \" href=\"https:\/\/www.myrtherebattu.nl\/\" target=\"_blank\" rel=\"noopener\"><button type=\"button\" id=\"ubtn-9772\"  class=\"ubtn ult-adjust-bottom-margin ult-responsive ubtn-custom ubtn-no-hover-bg  ulta-grow  ubtn-left   tooltip-69f4a8f235931\"  data-hover=\"#33cccc\" data-border-color=\"#ffffff\" data-bg=\"#33cccc\" data-hover-bg=\"#ffffff\" data-border-hover=\"\" data-shadow-hover=\"\" data-shadow-click=\"none\" data-shadow=\"\" data-shd-shadow=\"\"  data-ultimate-target='#ubtn-9772'  data-responsive-json-new='{\"font-size\":\"desktop:15px;\",\"line-height\":\"\"}'  style=\"font-weight:normal;width:200px;min-height:50px;padding:px px;border-radius:5px;border-width:2px;border-color:#ffffff;border-style:solid;background: #33cccc;color: #ffffff;\"><span class=\"ubtn-hover\" style=\"background-color:#ffffff\"><\/span><span class=\"ubtn-data ubtn-text \" >Bekijk de website<\/span><\/button><\/a><\/div><div class=\"vc_empty_space\"   style=\"height: 32px\"><span class=\"vc_empty_space_inner\"><\/span><\/div><\/div><\/div><\/div><\/div><div class=\"vc_row wpb_row vc_row-fluid vc_custom_1716315079588\"><div class=\"wpb_column vc_column_container vc_col-sm-12\"><div class=\"vc_column-inner\"><div class=\"wpb_wrapper\"><div class=\"vc_empty_space\"   style=\"height: 32px\"><span class=\"vc_empty_space_inner\"><\/span><\/div><div id=\"uvc-type-wrap-4101\"  data-ultimate-target='#uvc-type-wrap-4101'  data-responsive-json-new='{\"font-size\":\"desktop:30px;\",\"line-height\":\"\"}'  class=\"uvc-type-wrap  ult-adjust-bottom-margin ult-responsive  uvc-type-align-center uvc-type-no-prefix uvc-wrap-407108867969f4a8f236c0d\" style=\"text-align:center;\"><span id=\"typed-407108867969f4a8f236c0d\" class=\"ultimate-typed-main \" style=\"color:#ffffff; font-weight:bold; text-transform: unset;\"><\/span><script type=\"text\/javascript\">\n\t\t\t\t\t\tjQuery(function($){ \n\t\t\t\t\t\t\t$(document).ready(function(){\n\t\t\t\t\t\t\t\tif( typeof jQuery(\"#typed-407108867969f4a8f236c0d\").typed == \"function\"){\n\t\t\t\t\t\t\t\t\t$(\"#typed-407108867969f4a8f236c0d\").typed({\n\t\t\t\t\t\t\t\t\t\tstrings: [\"Maak hier een afspraak\"],\n\t\t\t\t\t\t\t\t\t\ttypeSpeed: 35,\n\t\t\t\t\t\t\t\t\t\tbackSpeed: 0,\n\t\t\t\t\t\t\t\t\t\tstartDelay: \"200\",\n\t\t\t\t\t\t\t\t\t\tbackDelay: \"1500\",\n\t\t\t\t\t\t\t\t\t\tloop: false,\n\t\t\t\t\t\t\t\t\t\tloopCount: false,\n\t\t\t\t\t\t\t\t\t\tshowCursor: true,\n\t\t\t\t\t\t\t\t\t\tcursorChar: \"|\",\n\t\t\t\t\t\t\t\t\t\tattr: null\n\t\t\t\t\t\t\t\t\t});\n\t\t\t\t\t\t\t\t}\n\t\t\t\t\t\t\t});\n\t\t\t\t\t\t});\n\t\t\t\t\t<\/script><\/div>\n\t<div class=\"wpb_text_column wpb_content_element \" >\n\t\t<div class=\"wpb_wrapper\">\n\t\t\t\n<div class=\"wpcf7 no-js\" id=\"wpcf7-f6-o1\" lang=\"nl-NL\" dir=\"ltr\" data-wpcf7-id=\"6\">\n<div class=\"screen-reader-response\"><p role=\"status\" aria-live=\"polite\" aria-atomic=\"true\"><\/p> <ul><\/ul><\/div>\n<form action=\"\/en\/wp-json\/wp\/v2\/pages\/3672#wpcf7-f6-o1\" method=\"post\" class=\"wpcf7-form init\" aria-label=\"Contactformulier\" novalidate=\"novalidate\" data-status=\"init\">\n<fieldset class=\"hidden-fields-container\"><input type=\"hidden\" name=\"_wpcf7\" value=\"6\" \/><input type=\"hidden\" name=\"_wpcf7_version\" value=\"6.1.5\" \/><input type=\"hidden\" name=\"_wpcf7_locale\" value=\"nl_NL\" \/><input type=\"hidden\" name=\"_wpcf7_unit_tag\" value=\"wpcf7-f6-o1\" \/><input type=\"hidden\" name=\"_wpcf7_container_post\" value=\"0\" \/><input type=\"hidden\" name=\"_wpcf7_posted_data_hash\" value=\"\" \/>\n<\/fieldset>\n<div id=\"responsive-form\" class=\"clearfix\">\n\t<div class=\"form-row\">\n\t\t<div class=\"column-half\"\n<span class=\"wpcf7-form-control-wrap\" data-name=\"your-name\"><input size=\"40\" maxlength=\"400\" class=\"wpcf7-form-control wpcf7-text wpcf7-validates-as-required\" aria-required=\"true\" aria-invalid=\"false\" placeholder=\"Voornaam*\" value=\"\" type=\"text\" name=\"your-name\" \/><\/span>\n\t\t<\/div>\n\t\t<div class=\"column-half\">\n\t\t\t<p><span class=\"wpcf7-form-control-wrap\" data-name=\"last-name\"><input size=\"40\" maxlength=\"400\" class=\"wpcf7-form-control wpcf7-text wpcf7-validates-as-required\" aria-required=\"true\" aria-invalid=\"false\" placeholder=\"Achternaam*\" value=\"\" type=\"text\" name=\"last-name\" \/><\/span>\n\t\t\t<\/p>\n\t\t<\/div>\n\t<\/div>\n\t<div class=\"form-row\">\n\t\t<div class=\"column-half\"\n<span class=\"wpcf7-form-control-wrap\" data-name=\"your-email\"><input size=\"40\" maxlength=\"400\" class=\"wpcf7-form-control wpcf7-email wpcf7-validates-as-required wpcf7-text wpcf7-validates-as-email\" aria-required=\"true\" aria-invalid=\"false\" placeholder=\"E-mail*\" value=\"\" type=\"email\" name=\"your-email\" \/><\/span>\n\t\t<\/div>\n\t\t<div class=\"column-half\">\n\t\t\t<p><span class=\"wpcf7-form-control-wrap\" data-name=\"your-phone\"><input size=\"40\" maxlength=\"400\" class=\"wpcf7-form-control wpcf7-text wpcf7-validates-as-required\" aria-required=\"true\" aria-invalid=\"false\" placeholder=\"Telefoonnummer*\" value=\"\" type=\"text\" name=\"your-phone\" \/><\/span>\n\t\t\t<\/p>\n\t\t<\/div>\n\t<\/div>\n\t<div class=\"form-row\">\n\t\t<div class=\"column-full\">\n\t\t\t<p><span class=\"wpcf7-form-control-wrap\" data-name=\"textarea-179\"><textarea cols=\"40\" rows=\"10\" maxlength=\"2000\" class=\"wpcf7-form-control wpcf7-textarea\" aria-invalid=\"false\" placeholder=\"Je bericht (optioneel)\" name=\"textarea-179\"><\/textarea><\/span>\n\t\t\t<\/p>\n\t\t<\/div>\n\t<\/div>\n\t<div class=\"form-row\">\n\t\t<div class=\"column-full\">\n\t\t<div class=\"wpcf7-turnstile cf-turnstile\" data-sitekey=\"0x4AAAAAAB20k-7F7b8cRj2T\" data-response-field-name=\"_wpcf7_turnstile_response\" data-language=\"nl\"><\/div>\n\t\t<\/div>\n\t<\/div>\n\t<div class=\"column-full\">\n\t\t<p><input class=\"wpcf7-form-control wpcf7-submit has-spinner\" type=\"submit\" value=\"VERZENDEN\" \/>\n\t\t<\/p>\n\t<\/div>\n<\/div>\n\n<!--end responsive-form--><div class=\"wpcf7-response-output\" aria-hidden=\"true\"><\/div>\n<\/form>\n<\/div>\n\n\n\t\t<\/div>\n\t<\/div>\n<div class=\"vc_empty_space\"   style=\"height: 32px\"><span class=\"vc_empty_space_inner\"><\/span><\/div><\/div><\/div><\/div><\/div><!-- Row Backgrounds --><div class=\"upb_bg_img\" data-ultimate-bg=\"url(https:\/\/www.friskfysio.nl\/wp-content\/uploads\/2024\/05\/Iceberg-3840x2400-1-scaled.jpg)\" data-image-id=\"id^9050|url^https:\/\/www.friskfysio.nl\/wp-content\/uploads\/2024\/05\/Iceberg-3840x2400-1-scaled.jpg|caption^#image_title|alt^null|title^Iceberg-3840x2400|description^#image_title\" data-ultimate-bg-style=\"vcpb-default\" data-bg-img-repeat=\"repeat\" data-bg-img-size=\"cover\" data-bg-img-position=\"\" data-parallx_sense=\"30\" data-bg-override=\"full\" data-bg_img_attach=\"scroll\" data-upb-overlay-color=\"\" data-upb-bg-animation=\"\" data-fadeout=\"\" data-bg-animation=\"left-animation\" data-bg-animation-type=\"h\" data-animation-repeat=\"repeat\" data-fadeout-percentage=\"30\" data-parallax-content=\"\" data-parallax-content-sense=\"30\" data-row-effect-mobile-disable=\"true\" data-img-parallax-mobile-disable=\"true\" data-rtl=\"false\"  data-custom-vc-row=\"\"  data-vc=\"8.7.2\"  data-is_old_vc=\"\"  data-theme-support=\"\"   data-overlay=\"false\" data-overlay-color=\"\" data-overlay-pattern=\"\" data-overlay-pattern-opacity=\"\" data-overlay-pattern-size=\"\"    ><\/div>\n<\/div>","protected":false},"excerpt":{"rendered":"<p>DIETICIAN PRACTICE MYRTHE REBATTU: ALWAYS TAILOR-MADE ADVICE! Myrthe Rebattu and FRISKFYSIO Amstelveen: the perfect combination! As a sports dietician, I can help you with all your questions and goals regarding nutrition and health. In addition, I am a certified sports dietitian. As a sports dietitian, I can help you achieve better sports performance, improved body composition, and...<\/p>","protected":false},"author":2,"featured_media":0,"parent":0,"menu_order":0,"comment_status":"closed","ping_status":"closed","template":"","meta":{"footnotes":""},"class_list":["post-3672","page","type-page","status-publish","hentry","description-off"],"_links":{"self":[{"href":"https:\/\/www.friskfysio.nl\/en\/wp-json\/wp\/v2\/pages\/3672","targetHints":{"allow":["GET"]}}],"collection":[{"href":"https:\/\/www.friskfysio.nl\/en\/wp-json\/wp\/v2\/pages"}],"about":[{"href":"https:\/\/www.friskfysio.nl\/en\/wp-json\/wp\/v2\/types\/page"}],"author":[{"embeddable":true,"href":"https:\/\/www.friskfysio.nl\/en\/wp-json\/wp\/v2\/users\/2"}],"replies":[{"embeddable":true,"href":"https:\/\/www.friskfysio.nl\/en\/wp-json\/wp\/v2\/comments?post=3672"}],"version-history":[{"count":0,"href":"https:\/\/www.friskfysio.nl\/en\/wp-json\/wp\/v2\/pages\/3672\/revisions"}],"wp:attachment":[{"href":"https:\/\/www.friskfysio.nl\/en\/wp-json\/wp\/v2\/media?parent=3672"}],"curies":[{"name":"wp","href":"https:\/\/api.w.org\/{rel}","templated":true}]}}